{"id":147,"date":"2020-04-06T20:20:48","date_gmt":"2020-04-06T20:20:48","guid":{"rendered":"http:\/\/csps.pt\/?page_id=147"},"modified":"2020-04-09T14:41:24","modified_gmt":"2020-04-09T14:41:24","slug":"valores","status":"publish","type":"page","link":"https:\/\/csps.pt\/index.php\/valores\/","title":{"rendered":"Valores"},"content":{"rendered":"\n<p><strong>Compromisso<\/strong><\/p>\n\n\n\n<p class=\"has-text-color has-vivid-cyan-blue-color\"><em>Um compromisso sustentado<\/em> <em>entrega<\/em>.\u00a0<br>O CSPS tem como compromisso uma entrega profunda e abnegada \u00e0s crian\u00e7as que acolhe, assim como com os pais e familiares destas. <\/p>\n\n\n\n<p><strong>Qualidade<\/strong><\/p>\n\n\n\n<p class=\"has-text-color has-vivid-cyan-blue-color\"><em>Qualidade antes de tudo.<\/em><br>Garantimos a qualidade do nosso edificado, equipamentos e m\u00e9todos de ensino, de forma a que sejam adequados a cada fase do crescimento e aprendizagem das nossas crian\u00e7as. <\/p>\n\n\n\n<p><strong>Solidariedade<\/strong><\/p>\n\n\n\n<p class=\"has-text-color has-vivid-cyan-blue-color\"><em>A solidariedade est\u00e1 na nossa g\u00e9nese. <\/em><br>A solidariedade \u00e9, antes de tudo, um ato de bondade. E s\u00e3o os pequenos atos de bondade di\u00e1rios que definem a nossa institui\u00e7\u00e3o, atrav\u00e9s do amor ao trabalho, do esp\u00edrito de equipa e da dedica\u00e7\u00e3o \u00e0 comunidade. <\/p>\n\n\n\n<p><strong>Inova\u00e7\u00e3o<\/strong><\/p>\n\n\n\n<p class=\"has-text-color has-vivid-cyan-blue-color\"><em>Um correto crescimento s\u00f3 existe com inova\u00e7\u00e3o<\/em>.<br>Para que exista um verdadeiro de servi\u00e7o de qualidade \u00e0s crian\u00e7as, este ter\u00e1 de estar alinhado com os melhores m\u00e9todos contempor\u00e2neos. Para tal, apostamos sempre num servi\u00e7o moderno e que ajudar\u00e1 na constru\u00e7\u00e3o de um futuro promissor para todos.<\/p>\n","protected":false},"excerpt":{"rendered":"<p>Compromisso Um compromisso sustentado entrega.\u00a0O CSPS tem como compromisso uma entrega profunda e abnegada \u00e0s crian\u00e7as que acolhe, assim como com os pais e familiares destas. Qualidade Qualidade antes de tudo.Garantimos a qualidade do nosso edificado, equipamentos e m\u00e9todos de ensino, de forma a que sejam adequados a cada fase do crescimento e aprendizagem das nossas crian\u00e7as. Solidariedade A solidariedade [&hellip;]<\/p>\n","protected":false},"author":1,"featured_media":0,"parent":0,"menu_order":0,"comment_status":"closed","ping_status":"closed","template":"","meta":{"footnotes":""},"class_list":["post-147","page","type-page","status-publish","hentry"],"_links":{"self":[{"href":"https:\/\/csps.pt\/index.php\/wp-json\/wp\/v2\/pages\/147","targetHints":{"allow":["GET"]}}],"collection":[{"href":"https:\/\/csps.pt\/index.php\/wp-json\/wp\/v2\/pages"}],"about":[{"href":"https:\/\/csps.pt\/index.php\/wp-json\/wp\/v2\/types\/page"}],"author":[{"embeddable":true,"href":"https:\/\/csps.pt\/index.php\/wp-json\/wp\/v2\/users\/1"}],"replies":[{"embeddable":true,"href":"https:\/\/csps.pt\/index.php\/wp-json\/wp\/v2\/comments?post=147"}],"version-history":[{"count":3,"href":"https:\/\/csps.pt\/index.php\/wp-json\/wp\/v2\/pages\/147\/revisions"}],"predecessor-version":[{"id":208,"href":"https:\/\/csps.pt\/index.php\/wp-json\/wp\/v2\/pages\/147\/revisions\/208"}],"wp:attachment":[{"href":"https:\/\/csps.pt\/index.php\/wp-json\/wp\/v2\/media?parent=147"}],"curies":[{"name":"wp","href":"https:\/\/api.w.org\/{rel}","templated":true}]}}